{"id":193,"date":"2017-08-26T18:44:46","date_gmt":"2017-08-26T15:44:46","guid":{"rendered":"https:\/\/uusi.jyvaskyla.hacklab.fi\/?page_id=193"},"modified":"2025-02-21T12:08:37","modified_gmt":"2025-02-21T10:08:37","slug":"contact-us","status":"publish","type":"page","link":"https:\/\/xn--jyvskyl-7wae.hacklab.fi\/en\/contact-us\/","title":{"rendered":"Contact us"},"content":{"rendered":"<article class=\"post page\">\n<h4>Address<\/h4>\n<div>\n<div id=\"location\" class=\"section\">\n<p>Hacklab Jyv\u00e4skyl\u00e4 ry<br \/>\nEm\u00e4nn\u00e4ntie 10 O<br \/>\n40740 Jyv\u00e4skyl\u00e4<br \/>\nFinland<\/p>\n<h4>Telephone<\/h4>\n<p>Lab phone number is <a href=\"tel:+358 93 157 6906\">+358 93 157 6906<\/a>. Calls are forwarded to our chairperson when lab is not occupied.<\/p>\n<\/div>\n<div id=\"mailing-list\" class=\"section\">\n<h4>Mailing list<\/h4>\n<p>A mailing list open for everyone: <a class=\"reference external\" href=\"https:\/\/groups.google.com\/forum\/#%21forum\/hacklabjkl\">Hacklab Jyv\u00e4skyl\u00e4 in Google Groups<\/a>.<\/p>\n<\/div>\n<div id=\"irc-channel\" class=\"section\">\n<h4>Chat<\/h4>\n<p>Our chat room is located in <a class=\"customize-unpreviewable\" href=\"https:\/\/matrix.org\/blog\/home\/\">Matrix<\/a> and it is <a class=\"customize-unpreviewable\" href=\"https:\/\/matrix.to\/#\/#space:jkl.hacklab.fi\">#jkl:hacklab.fi<\/a>. It is bidirectionally bridged with IRC network <a href=\"https:\/\/www.ircnet.com\/\">IRCNet<\/a> and <a class=\"customize-unpreviewable\" href=\"https:\/\/telegram.org\/\">Telegram<\/a>. Remember to join Hacklab.fi, our national community chat as well! The following table should clarify things:<\/p>\n<\/div>\n<table class=\"luettelo\">\n<tbody>\n<tr>\n<td><\/td>\n<th style=\"text-align: center;\"><a href=\"https:\/\/jyvaskyla.hacklab.fi\/wp-content\/uploads\/2018\/09\/matrix-e1537827693239.png\"><img loading=\"lazy\" decoding=\"async\" class=\"aligncenter size-full wp-image-1153\" src=\"https:\/\/jyvaskyla.hacklab.fi\/wp-content\/uploads\/2018\/09\/matrix-e1537827693239.png\" alt=\"\" width=\"99\" height=\"46\" \/><\/a><strong>Matrix<\/strong><\/th>\n<th style=\"text-align: center;\"><strong><a title=\"\" href=\"https:\/\/jyvaskyla.hacklab.fi\/wp-content\/uploads\/2018\/09\/512px-Telegram_logo.svg_-e1537828089360.png\"><img loading=\"lazy\" decoding=\"async\" class=\"aligncenter size-full wp-image-1156\" src=\"https:\/\/jyvaskyla.hacklab.fi\/wp-content\/uploads\/2018\/09\/512px-Telegram_logo.svg_-e1537828089360.png\" alt=\"\" width=\"50\" height=\"50\" \/><\/a>Telegram<\/strong><\/th>\n<th style=\"text-align: center;\"><strong><a href=\"https:\/\/jyvaskyla.hacklab.fi\/wp-content\/uploads\/2020\/11\/ircnet.png\"><img loading=\"lazy\" decoding=\"async\" class=\"wp-image-2344 size-full aligncenter\" src=\"https:\/\/jyvaskyla.hacklab.fi\/wp-content\/uploads\/2020\/11\/ircnet.png\" alt=\"IRCNetin logo\" width=\"51\" height=\"50\" \/><\/a>IRCNet<\/strong><\/th>\n<\/tr>\n<tr>\n<th>Hacklab Jyv\u00e4skyl\u00e4<\/th>\n<td><a href=\"https:\/\/matrix.to\/#\/#space:jkl.hacklab.fi\">#jkl:hacklab.fi<\/a><\/td>\n<td><a href=\"https:\/\/t.me\/+diECGlVEXNw1MzU0\">@hacklabJKL<\/a><\/td>\n<td><a href=\"http:\/\/webchat.ircnet.net\/?channels=hacklab.jkl\">#hacklab.jkl<\/a><\/td>\n<\/tr>\n<tr>\n<th>Hacklab.fi<\/th>\n<td><a href=\"https:\/\/matrix.to\/#\/!pEWpdIBwrVmKlmizMx:matrix.org\">#general:hacklab.fi<\/a><\/td>\n<td><a href=\"https:\/\/t.me\/hacklabfi\">@hacklabfi<\/a><\/td>\n<td>#hacklab.fi<\/td>\n<\/tr>\n<\/tbody>\n<\/table>\n<div id=\"the-board\" class=\"section\">\n<p>Finnish is the primary language in both rooms but we are happily chatting in English when someone starts a discussion in English!<\/p>\n<h4>Association board<\/h4>\n<p>Hacklab Jyv\u00e4skyl\u00e4 ry is a <a class=\"reference external\" href=\"https:\/\/en.wikipedia.org\/wiki\/Rekister%C3%B6ity_yhdistys\">registered association<\/a> in Finland.<\/p>\n<p>You can contact the board via email: hallitus\u00a0 at\u00a0 <span style=\"display: none;\">poistatama.<\/span>jkl.hacklab.fi<\/p>\n<h4>Members of the board<\/h4>\n<table class=\"table table-zebra\">\n  <thead>\n    <tr>\n      <th>Rooli<\/th>\n      <th>Nimi<\/th>\n      <th>Nickname<\/th>\n    <\/tr>\n  <\/thead>\n  <tbody>\n          <tr>\n        <th>Puheenjohtaja \/ Chair<\/th>\n        <th>Sampsa Kiiskinen<\/th>\n        <th>tuplanolla<\/th>\n      <\/tr>\n          <tr>\n        <th>Varapuheenjohtaja \/ Vice Chair<\/th>\n        <th>Daniel Buselli<\/th>\n        <th>napsy<\/th>\n      <\/tr>\n          <tr>\n        <th>Rahastonhoitaja ja sihteeri \/ Treasurer &amp; Secretary<\/th>\n        <th>Brage Aarset<\/th>\n        <th>brage<\/th>\n      <\/tr>\n          <tr>\n        <th>J\u00e4senvastaava \/ Membership Coordinator<\/th>\n        <th>Pekka Hapuli<\/th>\n        <th><\/th>\n      <\/tr>\n          <tr>\n        <th>Tilavastaava \/ Faculty Manager<\/th>\n        <th>Christoph Joohs<\/th>\n        <th>chrijo<\/th>\n      <\/tr>\n          <tr>\n        <th>Palvelinvastaava \/ Server Administrator<\/th>\n        <th>V\u00e4in\u00f6 Kortelainen<\/th>\n        <th>kortevax<\/th>\n      <\/tr>\n          <tr>\n        <th>Verkkovastaava (toimihenkil\u00f6) \/ Network Administrator (Agent)<\/th>\n        <th>Joel Lehtonen<\/th>\n        <th>zouppen<\/th>\n      <\/tr>\n      <\/tbody>\n<\/table>\n\n<p>The members of the board have email addresses of the form<br \/>\n<code class=\"\" data-line=\"\">firstname.lastname@jkl.hacklab.fi<\/code><br \/>\nor<br \/>\n<code class=\"\" data-line=\"\">nickname@jkl.hacklab.fi<\/code><br \/>\nwith all characters as their ASCII variants (\u00e4 -&gt; a, \u00f6 -&gt; o, \u00e9 -&gt; e).<\/p>\n<\/div>\n<h5>Bank account<\/h5>\n<p>Our bank account IBAN is FI93 7997 7997 9985 34. We accept donations. When you donate, please inform our board.<\/p>\n<h5>Registrar info<\/h5>\n<p>European Union VATIN: FI-30707242. See official <a href=\"https:\/\/yhdistysrekisteri.prh.fi\/basicinformation?userLang=en&amp;businessId=3070724-2\">register data<\/a>.<\/p>\n<h5>Web site feedback<\/h5>\n<p>Feedback and improvement suggestions related to this web site is always welcome! Please file an issue to <a href=\"https:\/\/github.com\/HacklabJKL\/website\/issues\">GitHub issue tracker<\/a>.<\/p>\n<\/div>\n<header class=\"post-header\"><\/header>\n<section class=\"post-content\">\u00a0<\/section>\n<\/article>\n","protected":false},"excerpt":{"rendered":"<p>Address Hacklab Jyv\u00e4skyl\u00e4 ry Em\u00e4nn\u00e4ntie 10 O 40740 Jyv\u00e4skyl\u00e4 Finland Telephone Lab phone number is +358 93 157 6906. Calls are forwarded to our chairperson when lab is not occupied. Mailing list A mailing list open for everyone: Hacklab Jyv\u00e4skyl\u00e4 in Google Groups. Chat Our chat room is located in Matrix and it is #jkl:hacklab.fi. [&hellip;]<\/p>\n","protected":false},"author":1,"featured_media":0,"parent":0,"menu_order":0,"comment_status":"closed","ping_status":"open","template":"","meta":{"_acf_changed":false,"_import_markdown_pro_load_document_selector":0,"_import_markdown_pro_submit_text_textarea":"","footnotes":""},"class_list":["post-193","page","type-page","status-publish","hentry"],"acf":[],"_links":{"self":[{"href":"https:\/\/xn--jyvskyl-7wae.hacklab.fi\/en\/wp-json\/wp\/v2\/pages\/193"}],"collection":[{"href":"https:\/\/xn--jyvskyl-7wae.hacklab.fi\/en\/wp-json\/wp\/v2\/pages"}],"about":[{"href":"https:\/\/xn--jyvskyl-7wae.hacklab.fi\/en\/wp-json\/wp\/v2\/types\/page"}],"author":[{"embeddable":true,"href":"https:\/\/xn--jyvskyl-7wae.hacklab.fi\/en\/wp-json\/wp\/v2\/users\/1"}],"replies":[{"embeddable":true,"href":"https:\/\/xn--jyvskyl-7wae.hacklab.fi\/en\/wp-json\/wp\/v2\/comments?post=193"}],"version-history":[{"count":56,"href":"https:\/\/xn--jyvskyl-7wae.hacklab.fi\/en\/wp-json\/wp\/v2\/pages\/193\/revisions"}],"predecessor-version":[{"id":6322,"href":"https:\/\/xn--jyvskyl-7wae.hacklab.fi\/en\/wp-json\/wp\/v2\/pages\/193\/revisions\/6322"}],"wp:attachment":[{"href":"https:\/\/xn--jyvskyl-7wae.hacklab.fi\/en\/wp-json\/wp\/v2\/media?parent=193"}],"curies":[{"name":"wp","href":"https:\/\/api.w.org\/{rel}","templated":true}]}}