{"id":4892,"date":"2024-08-05T19:25:49","date_gmt":"2024-08-05T16:25:49","guid":{"rendered":"https:\/\/xn--jyvskyl-7wae.hacklab.fi\/?page_id=4892"},"modified":"2025-10-09T15:25:27","modified_gmt":"2025-10-09T12:25:27","slug":"repair-cafe-jyvaskyla","status":"publish","type":"page","link":"https:\/\/xn--jyvskyl-7wae.hacklab.fi\/en\/repair-cafe-jyvaskyla\/","title":{"rendered":"Repair Caf\u00e9 Jyv\u00e4skyl\u00e4"},"content":{"rendered":"<div class=\"wp-block-image is-style-default\">\n<figure class=\"alignright size-large is-resized\"><img loading=\"lazy\" decoding=\"async\" width=\"2080\" height=\"1560\" src=\"https:\/\/xn--jyvskyl-7wae.hacklab.fi\/wp-content\/uploads\/2024\/08\/PXL_20240805_163920965-2080x1560.jpg\" alt=\"\" class=\"wp-image-4899\" style=\"width:475px;height:auto\" srcset=\"https:\/\/xn--jyvskyl-7wae.hacklab.fi\/wp-content\/uploads\/2024\/08\/PXL_20240805_163920965-2080x1560.jpg 2080w, https:\/\/xn--jyvskyl-7wae.hacklab.fi\/wp-content\/uploads\/2024\/08\/PXL_20240805_163920965-1080x810.jpg 1080w, https:\/\/xn--jyvskyl-7wae.hacklab.fi\/wp-content\/uploads\/2024\/08\/PXL_20240805_163920965-540x405.jpg 540w, https:\/\/xn--jyvskyl-7wae.hacklab.fi\/wp-content\/uploads\/2024\/08\/PXL_20240805_163920965-768x576.jpg 768w, https:\/\/xn--jyvskyl-7wae.hacklab.fi\/wp-content\/uploads\/2024\/08\/PXL_20240805_163920965-1536x1152.jpg 1536w, https:\/\/xn--jyvskyl-7wae.hacklab.fi\/wp-content\/uploads\/2024\/08\/PXL_20240805_163920965-2048x1536.jpg 2048w, https:\/\/xn--jyvskyl-7wae.hacklab.fi\/wp-content\/uploads\/2024\/08\/PXL_20240805_163920965-300x225.jpg 300w, https:\/\/xn--jyvskyl-7wae.hacklab.fi\/wp-content\/uploads\/2024\/08\/PXL_20240805_163920965-1024x768.jpg 1024w\" sizes=\"(max-width: 2080px) 100vw, 2080px\" \/><\/figure><\/div>\n\n\n<p>Since August 2024, we have been hosting a <a href=\"https:\/\/www.repaircafe.org\/en\/about\/\">Repair Caf\u00e9<\/a> at Hacklab Jyv\u00e4skyl\u00e4, usually on the third saturday of the month. The Repair Caf\u00e9 starts at 15:00 and lasts until 18:00. Directions for how to get there can be found <a href=\"https:\/\/xn--jyvskyl-7wae.hacklab.fi\/en\/how-to-get-here\/\" data-type=\"page\" data-id=\"4845\">here<\/a>.<\/p>\n\n\n\n<h2 class=\"wp-block-heading\"> Autumn 2025 Repair Caf\u00e9s<\/h2>\n\n\n\n<ul class=\"wp-block-list\">\n<li>19.10 (<a href=\"https:\/\/openrepair.org\/international-repair-day\/\">International Repair Day<\/a> + <a href=\"https:\/\/endof10.org\/\">End of 10 support<\/a>)<\/li>\n<\/ul>\n\n\n\n<p>This is an open event for anyone who wants to save a broken item from being tossed away. We have a group of volunteers who will guide you in repairing items such as:<\/p>\n\n\n\n<ul class=\"wp-block-list\">\n<li>Bicycles<\/li>\n\n\n\n<li>Home appliances<\/li>\n\n\n\n<li>Electronics<\/li>\n\n\n\n<li>Clothes<\/li>\n\n\n\n<li>Toys<\/li>\n<\/ul>\n\n\n\n<p>We cannot guarantee that our volunteers will be able to fix your item, but we will give our best effort. Sometimes you have to go a professional.<\/p>\n\n\n\n<p><strong>Please note<\/strong>: We are not professionals, and we will not help repair trade equipment or items used for private enterprise. This includes bikes primarily used for delivery services.<\/p>\n\n\n\n<p>If you are unsure what you can bring to the Repair Caf\u00e9, check out <a href=\"https:\/\/www.repaircafe.org\/en\/faq\/\">the official FAQ<\/a>.<\/p>\n\n\n\n<p>A repair caf\u00e9 is also an opportunity to meet people and have a good time while enjoying a cup of coffee or tea.<\/p>\n\n\n\n<p>Hope to see you there! \ud83d\ude01<\/p>\n","protected":false},"excerpt":{"rendered":"<p>Since August 2024, we have been hosting a Repair Caf\u00e9 at Hacklab Jyv\u00e4skyl\u00e4, usually on the third saturday of the month. The Repair Caf\u00e9 starts at 15:00 and lasts until 18:00. Directions for how to get there can be found here. Autumn 2025 Repair Caf\u00e9s This is an open event for anyone who wants to [&hellip;]<\/p>\n","protected":false},"author":34,"featured_media":0,"parent":0,"menu_order":0,"comment_status":"closed","ping_status":"closed","template":"","meta":{"_acf_changed":false,"_import_markdown_pro_load_document_selector":0,"_import_markdown_pro_submit_text_textarea":"","footnotes":""},"class_list":["post-4892","page","type-page","status-publish","hentry"],"acf":[],"_links":{"self":[{"href":"https:\/\/xn--jyvskyl-7wae.hacklab.fi\/en\/wp-json\/wp\/v2\/pages\/4892"}],"collection":[{"href":"https:\/\/xn--jyvskyl-7wae.hacklab.fi\/en\/wp-json\/wp\/v2\/pages"}],"about":[{"href":"https:\/\/xn--jyvskyl-7wae.hacklab.fi\/en\/wp-json\/wp\/v2\/types\/page"}],"author":[{"embeddable":true,"href":"https:\/\/xn--jyvskyl-7wae.hacklab.fi\/en\/wp-json\/wp\/v2\/users\/34"}],"replies":[{"embeddable":true,"href":"https:\/\/xn--jyvskyl-7wae.hacklab.fi\/en\/wp-json\/wp\/v2\/comments?post=4892"}],"version-history":[{"count":15,"href":"https:\/\/xn--jyvskyl-7wae.hacklab.fi\/en\/wp-json\/wp\/v2\/pages\/4892\/revisions"}],"predecessor-version":[{"id":6586,"href":"https:\/\/xn--jyvskyl-7wae.hacklab.fi\/en\/wp-json\/wp\/v2\/pages\/4892\/revisions\/6586"}],"wp:attachment":[{"href":"https:\/\/xn--jyvskyl-7wae.hacklab.fi\/en\/wp-json\/wp\/v2\/media?parent=4892"}],"curies":[{"name":"wp","href":"https:\/\/api.w.org\/{rel}","templated":true}]}}