{"id":57,"date":"2017-09-12T19:31:43","date_gmt":"2017-09-12T16:31:43","guid":{"rendered":"https:\/\/uusi.jyvaskyla.hacklab.fi\/?page_id=57"},"modified":"2024-08-04T09:36:35","modified_gmt":"2024-08-04T06:36:35","slug":"the-space","status":"publish","type":"page","link":"https:\/\/xn--jyvskyl-7wae.hacklab.fi\/en\/the-space\/","title":{"rendered":"Premises"},"content":{"rendered":"\r\n<div>\r\n<p>We host weekly club nights every Tuesday 18\u201321 and Saturday 15\u201319. The doors are open until the last key-carrying member leaves the premises, which is often after midnight. Questions are best answered on our IRC-channel on Freenode, <a href=\"https:\/\/matrix.to\/#\/#jkl:hacklab.fi\">#jkl:hacklab.fi<\/a> or on <a class=\"reference external\" href=\"https:\/\/t.me\/HacklabJKL\">our Telegram group<\/a>. See\u00a0<a href=\"https:\/\/xn--jyvskyl-7wae.hacklab.fi\/home-2022-en\/contact-us\/\">Contact us<\/a> for more details.<\/p>\r\n<p><iframe loading=\"lazy\" style=\"border: 1px solid black;\" src=\"https:\/\/www.openstreetmap.org\/export\/embed.html?bbox=25.702267885208133%2C62.24896501697915%2C25.71122646331787%2C62.25106562444083&amp;layer=mapnik&amp;marker=62.25001658788213%2C25.706747174263\" width=\"425\" height=\"350\" frameborder=\"0\" marginwidth=\"0\" marginheight=\"0\" scrolling=\"no\"><\/iframe><br \/><small><a href=\"https:\/\/www.openstreetmap.org\/?mlat=62.25002&amp;mlon=25.70675#map=18\/62.25002\/25.70675\">Bigger map view<\/a><\/small><\/p>\r\n<p>Our lab space is located at Em\u00e4nn\u00e4ntie 10 O, basement.<\/p>\r\n<\/div>\r\n\r\n\r\n\n<!-- Hacklab Jyv\u00e4skyl\u00e4 k\u00e4vij\u00e4seuranta frontend (WordPress re-usable Custom HTML Block)\n         Frontend by jasalt, API by zouppen \n         To install, copy body contents to WordPress Custom HTML block. -->\n\n    <div id=\"kavseuranta\">\n        <h3 id=\"kavseuranta-status\">K\u00e4vij\u00e4seuranta latautuu&#8230; javascript vaadittu.<\/h3>\n        <p id=\"kavseuranta-visitors\" style=\"display:none;\"><\/p>\n        <h3 id=\"kavseuranta-kerhoilta\" style=\"display:none;\">Kerhoilta, tervetuloa k\u00e4ym\u00e4\u00e4n! Club meeting in progress, welcome visitors!<\/h3>\n    <p><i>Data p\u00e4ivittyy minuutin v\u00e4lein, <a id=\"kavseurantaUpdateBtn\" href=\"\">p\u00e4ivit\u00e4 nyt.<\/a> Haluatko itsesi n\u00e4kyviin t\u00e4h\u00e4n? Liity hacklabin wifiin ja <a href=\"https:\/\/visitors.jkl.hacklab.fi\/\">rekister\u00f6i nickisi<\/a>.<\/i><\/p><\/div>\n    <script>\n        var kavseurantaUrl = \"https:\/\/visitors.jkl.hacklab.fi\/api\/v1\/visitors?format=json-v2\";\n    \n        function kavseurantaUpdate(){\n            jQuery.getJSON(kavseurantaUrl, function(data){                \n\n                    \/\/ Update status text\n                    if (data.open){\n                        console.log(\"Ovet ovat avoinna, tervetuloa\");\n                        jQuery('#kavseuranta-status').text(\"Ovet ovat avoinna, tervetuloa\");\n                    } else if (data.empty){\n                        console.log(\"Hacklab on nyt tyhj\u00e4\");\n                        jQuery('#kavseuranta-status').text(\"Hacklab on nyt tyhj\u00e4\");\n                        jQuery('#kavseuranta-visitors').hide();\n                    } else {\n                        console.log(\"Hacklabilla ollaan paikalla\");\n                        jQuery('#kavseuranta-status').text(\"Hacklabilla ollaan paikalla\");\n                    }\n                    \n                    var visitors = \"\";\n                    if ( data.present.length ){  \/\/ if array not empty\n                        data.present.forEach(element => {\n                            visitors += element.nick;\n                            visitors += \", \";\n                        });\n\n                        \/\/ Ugly way to remove ending comma\n                        visitors = visitors.substring(0, visitors.length - 2);\n                        visitors += \".\";\n\n                        jQuery('#kavseuranta-visitors').text(\"Wifiin kirjautuneena \" + visitors) ;\n                        jQuery('#kavseuranta-visitors').show();\n                    }\n                jQuery(\"#kavseurantaUpdateBtn\").show();\n            });\n        }\n    \n        jQuery(document).ready(function($) {\n            kavseurantaUpdate();\n            jQuery('#kavseurantaUpdateBtn').click( function(e){\n                e.preventDefault();  \/\/ don't act like a link does\n                jQuery(\"#kavseurantaUpdateBtn\").hide();  \/\/ hide\/show just for some UI feedback\n                kavseurantaUpdate();\n            });\n            window.setInterval(kavseurantaUpdate, 60000);  \/\/ auto update\n        })\n    \n    <\/script>\n\r\n\r\n\r\n<figure class=\"wp-block-image alignnone size-full wp-image-1142\"><img loading=\"lazy\" decoding=\"async\" width=\"500\" height=\"375\" class=\"wp-image-1142\" src=\"https:\/\/jyvaskyla.hacklab.fi\/wp-content\/uploads\/2018\/09\/hacklab_ovi-1.jpg\" alt=\"Hacklab entrance at the O building\" srcset=\"https:\/\/xn--jyvskyl-7wae.hacklab.fi\/wp-content\/uploads\/2018\/09\/hacklab_ovi-1.jpg 500w, https:\/\/xn--jyvskyl-7wae.hacklab.fi\/wp-content\/uploads\/2018\/09\/hacklab_ovi-1-300x225.jpg 300w\" sizes=\"(max-width: 500px) 100vw, 500px\" \/>\r\n<figcaption class=\"wp-element-caption\">Hacklab entrance at the O building<\/figcaption>\r\n<\/figure>\r\n\r\n\r\n\r\n<p>There are no parking slots on the yard but there&#8217;s some space next to Kortepohja shopping center, near Auvilankuja and next to Kartanonkuja.<\/p>\r\n\r\n\r\n\r\n<figure class=\"wp-block-image alignnone size-full wp-image-1128\"><img loading=\"lazy\" decoding=\"async\" width=\"504\" height=\"306\" class=\"wp-image-1128\" src=\"https:\/\/jyvaskyla.hacklab.fi\/wp-content\/uploads\/2018\/09\/hacklab-emannantie-parkkipaikat-parking.svg_.png\" alt=\"Kartta Kortepohjan ostoskeskuksen, Auvilankujan ja Kartanonkujan pys\u00e4k\u00f6intipaikoista\" srcset=\"https:\/\/xn--jyvskyl-7wae.hacklab.fi\/wp-content\/uploads\/2018\/09\/hacklab-emannantie-parkkipaikat-parking.svg_.png 504w, https:\/\/xn--jyvskyl-7wae.hacklab.fi\/wp-content\/uploads\/2018\/09\/hacklab-emannantie-parkkipaikat-parking.svg_-300x182.png 300w\" sizes=\"(max-width: 504px) 100vw, 504px\" \/>\r\n<figcaption class=\"wp-element-caption\">Parking near Hacklab<\/figcaption>\r\n<\/figure>\r\n\r\n\r\n\r\n<p>If you have any trouble getting there, please call our lab phone: <a href=\"tel:+358418079416\">+358 41 807 9416<\/a>.<\/p>\r\n\r\n\r\n\r\n<p>We have plenty of tools and materials available for use.<\/p>\r\n\r\n\r\n\r\n<h1 class=\"wp-block-heading\">VR Tour 2023<\/h1>\r\n\r\n\r\n\r\n<p><iframe loading=\"lazy\" src=\"https:\/\/kuula.co\/share\/5cXXy\/collection\/7XF4k?logo=-1&amp;card=1&amp;info=0&amp;fs=1&amp;vr=1&amp;sd=1&amp;autop=8&amp;thumbs=1\" width=\"100%\" height=\"1080\" frameborder=\"0\" scrolling=\"no\" allowfullscreen=\"allowfullscreen\"><\/iframe><\/p>\r\n","protected":false},"excerpt":{"rendered":"<p>We host weekly club nights every Tuesday 18\u201321 and Saturday 15\u201319. The doors are open until the last key-carrying member leaves the premises, which is often after midnight. Questions are best answered on our IRC-channel on Freenode, #jkl:hacklab.fi or on our Telegram group. See\u00a0Contact us for more details. Bigger map view Our lab space is [&hellip;]<\/p>\n","protected":false},"author":2,"featured_media":0,"parent":0,"menu_order":0,"comment_status":"closed","ping_status":"open","template":"","meta":{"_acf_changed":false,"_import_markdown_pro_load_document_selector":0,"_import_markdown_pro_submit_text_textarea":"","footnotes":""},"class_list":["post-57","page","type-page","status-publish","hentry"],"acf":[],"_links":{"self":[{"href":"https:\/\/xn--jyvskyl-7wae.hacklab.fi\/en\/wp-json\/wp\/v2\/pages\/57"}],"collection":[{"href":"https:\/\/xn--jyvskyl-7wae.hacklab.fi\/en\/wp-json\/wp\/v2\/pages"}],"about":[{"href":"https:\/\/xn--jyvskyl-7wae.hacklab.fi\/en\/wp-json\/wp\/v2\/types\/page"}],"author":[{"embeddable":true,"href":"https:\/\/xn--jyvskyl-7wae.hacklab.fi\/en\/wp-json\/wp\/v2\/users\/2"}],"replies":[{"embeddable":true,"href":"https:\/\/xn--jyvskyl-7wae.hacklab.fi\/en\/wp-json\/wp\/v2\/comments?post=57"}],"version-history":[{"count":20,"href":"https:\/\/xn--jyvskyl-7wae.hacklab.fi\/en\/wp-json\/wp\/v2\/pages\/57\/revisions"}],"predecessor-version":[{"id":4814,"href":"https:\/\/xn--jyvskyl-7wae.hacklab.fi\/en\/wp-json\/wp\/v2\/pages\/57\/revisions\/4814"}],"wp:attachment":[{"href":"https:\/\/xn--jyvskyl-7wae.hacklab.fi\/en\/wp-json\/wp\/v2\/media?parent=57"}],"curies":[{"name":"wp","href":"https:\/\/api.w.org\/{rel}","templated":true}]}}